{"id":10,"date":"2025-08-13T23:52:09","date_gmt":"2025-08-13T22:52:09","guid":{"rendered":"https:\/\/mintcream-herring-178514.hostingersite.com\/?page_id=10"},"modified":"2026-02-28T15:44:00","modified_gmt":"2026-02-28T14:44:00","slug":"politica-de-devoluciones","status":"publish","type":"page","link":"https:\/\/cuccioliimperoitaliano.com\/it_IT\/politica-de-devoluciones\/","title":{"rendered":"Pol\u00edtica de devoluciones"},"content":{"rendered":"<div class=\"brz brz-root__container brz-reset-all brz-root__container-page\" >\n<section id=\"gM2vRfMlr8Be_gM2vRfMlr8Be\" class=\"brz-section brz-css-d-section brz-css-1uf6qag\">\n<div class=\"brz-section__content brz-section--boxed brz-css-d-sectionitem-bg brz-css-17qqer3\" data-brz-custom-id=\"uBho81XtXMK0\">\n<div class=\"brz-container brz-css-d-sectionitem-container brz-css-a8zp9n\">\n<div id=\"\" class=\"brz-css-d-wrapper brz-css-ov3n0i brz-wrapper\">\n<div class=\"brz-rich-text brz-rich-text__custom brz-css-d-richtext brz-css-9sz6y7\" data-brz-custom-id=\"mUV1Xw4U9GmP\">\n<div data-brz-translate-text=\"1\">\n<p data-generated-css=\"brz-css-zgm9H\" data-uniq-id=\"s9Jz4\" class=\"brz-fss-lg-px brz-fw-lg-700 brz-ls-lg-m_1_5 brz-lh-lg-1_3 brz-vfw-lg-400 brz-fwdth-lg-100 brz-fsft-lg-0 brz-text-lg-center brz-tp-lg-empty brz-ff-comfortaa brz-ft-google brz-fs-lg-46 brz-css-osNAN\"><span style=\"color: rgba(var(--brz-global-color4),1);\" class=\"brz-cp-color4\">Pol\u00edtica de Devoluciones en Huellas Mascotas<\/span><\/p>\n<\/div>\n<\/div>\n<\/div>\n<\/div>\n<\/div>\n<\/section>\n<section id=\"vOJ58IjB42Bw_vOJ58IjB42Bw\" class=\"brz-section brz-css-d-section brz-css-15yobdx\">\n<div class=\"brz-section__content brz-section--boxed brz-css-d-sectionitem-bg brz-css-1hcgqc2\" data-brz-custom-id=\"tWO5IJuKMaq3\">\n<div class=\"brz-container brz-css-d-sectionitem-container brz-css-1iahgx4\">\n<div id=\"\" class=\"brz-css-d-wrapper brz-css-3nr2oj brz-wrapper\">\n<div class=\"brz-rich-text brz-rich-text__custom brz-css-d-richtext brz-css-xyy45e\" data-brz-custom-id=\"psvK9OsFZ8nr\">\n<div data-brz-translate-text=\"1\">\n<p data-generated-css=\"brz-css-hJEJf\" data-uniq-id=\"qo0rE\" class=\"brz-tp-lg-empty brz-ff-comfortaa brz-ft-google brz-fs-lg-18 brz-fss-lg-px brz-fw-lg-400 brz-ls-lg-0 brz-lh-lg-1_9 brz-vfw-lg-400 brz-fwdth-lg-100 brz-fsft-lg-0 brz-css-vxq4W\"><span style=\"color: rgb(0, 0, 0);\">En Huellas Mascotas, entendemos que adoptar un cachorro es una decisi\u00f3n profundamente personal y emocional \u2013 un compromiso que trae alegr\u00eda, pero tambi\u00e9n puede venir con desaf\u00edos inesperados. Como uno de los criaderos m\u00e1s grandes y reputados de Espa\u00f1a, con m\u00e1s de 10 a\u00f1os de experiencia en cr\u00eda \u00e9tica y responsable, nos preocupamos sinceramente por ti, tu familia y el bienestar de nuestros cachorros. Sabemos que a veces, a pesar de todo el amor y planificaci\u00f3n, las cosas no salen como esperabas: quiz\u00e1s una alergia inesperada, cambios en tu rutina o simplemente que el cachorro no se adapte como imaginabas. Por eso, hemos dise\u00f1ado una <\/span><strong style=\"color: rgb(0, 0, 0);\">Pol\u00edtica de Devoluciones transparente, flexible y segura<\/strong><span style=\"color: rgb(0, 0, 0);\">, centrada en protegerte a ti y al animalito, con un enfoque relatable que prioriza soluciones amigables y sin juicios. Nuestro objetivo no es solo vender mascotas, sino formar familias felices \u2013 y si algo no encaja, estamos aqu\u00ed para ayudarte con empat\u00eda y soporte total.<\/span><\/p>\n<p data-generated-css=\"brz-css-dIGCJ\" data-uniq-id=\"m_3U0\" class=\"brz-tp-lg-empty brz-ff-comfortaa brz-ft-google brz-fs-lg-18 brz-fss-lg-px brz-fw-lg-400 brz-ls-lg-0 brz-lh-lg-1_9 brz-vfw-lg-400 brz-fwdth-lg-100 brz-fsft-lg-0 brz-css-sJfj0\"><span style=\"color: rgb(0, 0, 0);\">Nuestra pol\u00edtica refleja nuestro compromiso \u00e9tico: todos los cachorros (como nuestros adorados Caniches Toy, Pomeranias y Yorkshire Terriers) son criados en entornos familiares amorosos, con pruebas gen\u00e9ticas exhaustivas y socializaci\u00f3n temprana. Nos preocupamos por minimizar devoluciones ofreciendo asesoramiento personalizado antes de la adopci\u00f3n, pero si surge la necesidad, te respaldamos con procesos seguros y justos. Recuerda, el bienestar del cachorro siempre es primordial \u2013 no aceptamos devoluciones por capricho, pero s\u00ed por razones genuinas que afecten la armon\u00eda en tu hogar.<\/span><\/p>\n<p class=\"brz-tp-lg-paragraph brz-css-e4tQb\" data-generated-css=\"brz-css-zr8Rq\" data-uniq-id=\"j1QgQ\"><span style=\"color: rgb(0, 0, 0);\"> <\/span><\/p>\n<p data-generated-css=\"brz-css-vUd_M\" data-uniq-id=\"b6LAB\" class=\"brz-text-lg-center brz-tp-lg-empty brz-ff-comfortaa brz-ft-google brz-fs-lg-28 brz-fss-lg-px brz-fw-lg-700 brz-ls-lg-m_1_5 brz-lh-lg-1_4 brz-vfw-lg-400 brz-fwdth-lg-100 brz-fsft-lg-0 brz-css-tts62\"><span style=\"color: rgba(var(--brz-global-color4),1);\" class=\"brz-cp-color4\">Condiciones para Devoluciones: Transparencia y Seguridad<\/span><\/p>\n<h3 class=\"brz-tp-lg-heading3 brz-css-egd0m\" data-generated-css=\"brz-css-kMCLK\" data-uniq-id=\"ang7_\"><span style=\"color: rgb(0, 0, 0);\"> <\/span><\/h3>\n<p class=\"brz-text-lg-center brz-tp-lg-empty brz-ff-overpass brz-ft-google brz-fs-lg-18 brz-fss-lg-px brz-fw-lg-400 brz-ls-lg-0 brz-lh-lg-1_9 brz-vfw-lg-400 brz-fwdth-lg-100 brz-fsft-lg-0 brz-css-vcBrl\" data-generated-css=\"brz-css-gUWjl\" data-uniq-id=\"ocRKe\"><span style=\"color: rgb(0, 0, 0);\">Para garantizar un proceso justo y protector para todos, aplicamos estas condiciones claras y razonables. Nos preocupamos por tu tranquilidad, por lo que todo se maneja con contratos escritos y soporte personalizado:<\/span><\/p>\n<p data-generated-css=\"brz-css-m3OZU\" data-uniq-id=\"qK8aZ\" class=\"brz-tp-lg-empty brz-ff-overpass brz-ft-google brz-fs-lg-18 brz-fss-lg-px brz-fw-lg-400 brz-ls-lg-0 brz-lh-lg-1_9 brz-vfw-lg-400 brz-fwdth-lg-100 brz-fsft-lg-0 brz-css-rv0lg\"><\/p>\n<ul>\n<li data-generated-css=\"brz-css-aDEUE\" data-uniq-id=\"uDdSf\" class=\"brz-tp-lg-empty brz-ff-overpass brz-ft-google brz-fs-lg-18 brz-fss-lg-px brz-fw-lg-400 brz-ls-lg-0 brz-lh-lg-1_9 brz-vfw-lg-400 brz-fwdth-lg-100 brz-fsft-lg-0 brz-css-sDOGo\"><strong style=\"color: rgb(0, 0, 0);\">Plazo para Devoluciones<\/strong><span style=\"color: rgb(0, 0, 0);\">: Puedes devolver al cachorro dentro de los primeros 15 d\u00edas despu\u00e9s de la entrega, siempre que notifiques por escrito (email o WhatsApp) en las primeras 72 horas si surge un problema inmediato. Entendemos que la adaptaci\u00f3n toma tiempo, pero este plazo nos permite reubicar al cachorro r\u00e1pidamente en un hogar amoroso, minimizando estr\u00e9s para \u00e9l y para ti.<\/span><\/li>\n<\/ul>\n<p data-generated-css=\"brz-css-ghp9z\" data-uniq-id=\"xLu01\" class=\"brz-tp-lg-empty brz-ff-overpass brz-ft-google brz-fs-lg-18 brz-fss-lg-px brz-fw-lg-400 brz-ls-lg-0 brz-lh-lg-1_9 brz-vfw-lg-400 brz-fwdth-lg-100 brz-fsft-lg-0 brz-css-bX2js\"><\/p>\n<ul>\n<li data-generated-css=\"brz-css-dqFyC\" data-uniq-id=\"tWTA3\" class=\"brz-tp-lg-empty brz-ff-overpass brz-ft-google brz-fs-lg-18 brz-fss-lg-px brz-fw-lg-400 brz-ls-lg-0 brz-lh-lg-1_9 brz-vfw-lg-400 brz-fwdth-lg-100 brz-fsft-lg-0 brz-css-pFvij\"><strong style=\"color: rgb(0, 0, 0);\">Razones Aceptadas<\/strong><span style=\"color: rgb(0, 0, 0);\">: Aceptamos devoluciones por motivos relacionados con la salud (cubiertos por nuestra Garant\u00eda Sanitaria de 2 a\u00f1os), incompatibilidad familiar (como alergias no detectadas previamente o cambios en el hogar), o si el cachorro no se adapta pese a nuestros consejos. Nos preocupamos por casos reales \u2013 por ejemplo, si tu familia tiene ni\u00f1os peque\u00f1os y el temperamento no encaja, te guiaremos con opciones. No aceptamos devoluciones por cambios de opini\u00f3n sin base, ya que priorizamos el compromiso \u00e9tico.<\/span><\/li>\n<\/ul>\n<p data-generated-css=\"brz-css-siBS2\" data-uniq-id=\"vrX0k\" class=\"brz-tp-lg-empty brz-ff-overpass brz-ft-google brz-fs-lg-18 brz-fss-lg-px brz-fw-lg-400 brz-ls-lg-0 brz-lh-lg-1_9 brz-vfw-lg-400 brz-fwdth-lg-100 brz-fsft-lg-0 brz-css-rK19q\"><\/p>\n<ul>\n<li data-generated-css=\"brz-css-zZ9kU\" data-uniq-id=\"eK4Ik\" class=\"brz-tp-lg-empty brz-ff-overpass brz-ft-google brz-fs-lg-18 brz-fss-lg-px brz-fw-lg-400 brz-ls-lg-0 brz-lh-lg-1_9 brz-vfw-lg-400 brz-fwdth-lg-100 brz-fsft-lg-0 brz-css-xR6Ig\"><strong style=\"color: rgb(0, 0, 0);\">Condici\u00f3n del Cachorro<\/strong><span style=\"color: rgb(0, 0, 0);\">: El cachorro debe devolverse en perfectas condiciones de salud y cuidado, con toda la documentaci\u00f3n original (cartilla de vacunas, microchip, etc.). Realizaremos un chequeo veterinario al recibirlo para asegurar su bienestar \u2013 si hay signos de negligencia, la devoluci\u00f3n podr\u00eda no proceder, pero siempre dialogamos contigo con comprensi\u00f3n.<\/span><\/li>\n<\/ul>\n<p data-generated-css=\"brz-css-xgf6_\" data-uniq-id=\"unqPj\" class=\"brz-tp-lg-paragraph brz-css-m94Fp\"><\/p>\n<p data-generated-css=\"brz-css-jNTc6\" data-uniq-id=\"y7gt8\" class=\"brz-text-lg-center brz-tp-lg-empty brz-ff-comfortaa brz-ft-google brz-fs-lg-33 brz-fss-lg-px brz-fw-lg-400 brz-ls-lg-0 brz-lh-lg-1_9 brz-vfw-lg-400 brz-fwdth-lg-100 brz-fsft-lg-0 brz-css-eNGAe\"><strong style=\"color: rgba(var(--brz-global-color4),1);\" class=\"brz-bold-true brz-cp-color4\">Proceso de Devoluci\u00f3n Seguro:<\/strong><\/p>\n<ol>\n<li data-generated-css=\"brz-css-kUDgq\" data-uniq-id=\"qvfHE\" class=\"brz-tp-lg-empty brz-ff-overpass brz-ft-google brz-fs-lg-18 brz-fss-lg-px brz-fw-lg-400 brz-ls-lg-0 brz-lh-lg-1_9 brz-vfw-lg-400 brz-fwdth-lg-100 brz-fsft-lg-0 brz-css-pGS6w\"><\/li>\n<li class=\"ql-indent-1 brz-tp-lg-empty brz-ff-overpass brz-ft-google brz-fs-lg-18 brz-fss-lg-px brz-fw-lg-400 brz-ls-lg-0 brz-lh-lg-1_9 brz-vfw-lg-400 brz-fwdth-lg-100 brz-fsft-lg-0 brz-css-tkDGD\" data-generated-css=\"brz-css-f067f\" data-uniq-id=\"dUoFn\"><strong style=\"color: rgb(0, 0, 0);\">Cont\u00e1ctanos Inmediatamente<\/strong><span style=\"color: rgb(0, 0, 0);\">: Ll\u00e1manos o escr\u00edbenos explicando la situaci\u00f3n. Nos preocupamos por escucharte sin juicios \u2013 nuestro equipo te ofrecer\u00e1 asesoramiento para intentar resolver el issue antes de proceder a la devoluci\u00f3n.<\/span><\/li>\n<li data-generated-css=\"brz-css-qhsVY\" data-uniq-id=\"xVrQw\" class=\"brz-tp-lg-empty brz-ff-overpass brz-ft-google brz-fs-lg-18 brz-fss-lg-px brz-fw-lg-400 brz-ls-lg-0 brz-lh-lg-1_9 brz-vfw-lg-400 brz-fwdth-lg-100 brz-fsft-lg-0 brz-css-yAL_J\"><\/li>\n<li class=\"ql-indent-1 brz-tp-lg-empty brz-ff-overpass brz-ft-google brz-fs-lg-18 brz-fss-lg-px brz-fw-lg-400 brz-ls-lg-0 brz-lh-lg-1_9 brz-vfw-lg-400 brz-fwdth-lg-100 brz-fsft-lg-0 brz-css-fuAPS\" data-generated-css=\"brz-css-x01qC\" data-uniq-id=\"uFNOs\"><strong style=\"color: rgb(0, 0, 0);\">Coordinaci\u00f3n de Recogida<\/strong><span style=\"color: rgb(0, 0, 0);\">: Organizaremos una recogida segura en tu domicilio o en nuestras instalaciones, usando transportistas certificados con veh\u00edculos climatizados para minimizar estr\u00e9s al cachorro. Cubrimos los costes si la devoluci\u00f3n es por un defecto cubierto por garant\u00eda.<\/span><\/li>\n<li data-generated-css=\"brz-css-soyfw\" data-uniq-id=\"sF2Gr\" class=\"brz-tp-lg-empty brz-ff-overpass brz-ft-google brz-fs-lg-18 brz-fss-lg-px brz-fw-lg-400 brz-ls-lg-0 brz-lh-lg-1_9 brz-vfw-lg-400 brz-fwdth-lg-100 brz-fsft-lg-0 brz-css-fjeLl\"><\/li>\n<li class=\"ql-indent-1 brz-tp-lg-empty brz-ff-overpass brz-ft-google brz-fs-lg-18 brz-fss-lg-px brz-fw-lg-400 brz-ls-lg-0 brz-lh-lg-1_9 brz-vfw-lg-400 brz-fwdth-lg-100 brz-fsft-lg-0 brz-css-px7fw\" data-generated-css=\"brz-css-vbawT\" data-uniq-id=\"iOVAh\"><strong style=\"color: rgb(0, 0, 0);\">Reembolso o Reemplazo<\/strong><span style=\"color: rgb(0, 0, 0);\">: Te reembolsamos el 100% del precio de compra (menos dep\u00f3sito inicial si aplica) en 7-10 d\u00edas h\u00e1biles, o te ofrecemos un reemplazo con otro cachorro similar si lo prefieres. Nos preocupamos por tu satisfacci\u00f3n \u2013 si eliges reemplazo, te damos prioridad en camadas futuras.<\/span><\/li>\n<li data-generated-css=\"brz-css-iIcLX\" data-uniq-id=\"qVIQ_\" class=\"brz-tp-lg-empty brz-ff-overpass brz-ft-google brz-fs-lg-18 brz-fss-lg-px brz-fw-lg-400 brz-ls-lg-0 brz-lh-lg-1_9 brz-vfw-lg-400 brz-fwdth-lg-100 brz-fsft-lg-0 brz-css-zTXA3\"><\/li>\n<li class=\"ql-indent-1 brz-tp-lg-empty brz-ff-overpass brz-ft-google brz-fs-lg-18 brz-fss-lg-px brz-fw-lg-400 brz-ls-lg-0 brz-lh-lg-1_9 brz-vfw-lg-400 brz-fwdth-lg-100 brz-fsft-lg-0 brz-css-ffLT8\" data-generated-css=\"brz-css-uydAd\" data-uniq-id=\"bEp6l\"><strong style=\"color: rgb(0, 0, 0);\">Seguimiento Posterior<\/strong><span style=\"color: rgb(0, 0, 0);\">: Incluso despu\u00e9s de la devoluci\u00f3n, te ofrecemos soporte emocional y consejos para futuras adopciones, porque nos importa tu experiencia general.<\/span><\/li>\n<li class=\"brz-tp-lg-paragraph brz-css-lCl6n\" data-generated-css=\"brz-css-jJ2Z6\" data-uniq-id=\"v2I0A\"><\/li>\n<\/ol>\n<ul>\n<li class=\"brz-tp-lg-paragraph brz-css-vvi0M\" data-generated-css=\"brz-css-raXNr\" data-uniq-id=\"kICM3\"><\/li>\n<\/ul>\n<p data-generated-css=\"brz-css-dwsqA\" data-uniq-id=\"t0eyq\" class=\"brz-text-lg-center brz-tp-lg-empty brz-ff-comfortaa brz-ft-google brz-fs-lg-33 brz-fss-lg-px brz-fw-lg-700 brz-ls-lg-m_1_5 brz-lh-lg-1_4 brz-vfw-lg-400 brz-fwdth-lg-100 brz-fsft-lg-0 brz-css-u2EX5\"><span style=\"color: rgba(var(--brz-global-color4),1);\" class=\"brz-cp-color4\">Excepciones y Consideraciones Especiales<\/span><\/p>\n<p data-generated-css=\"brz-css-lqex_\" data-uniq-id=\"rIWYI\" class=\"brz-tp-lg-paragraph brz-css-rr9Ff\"><\/p>\n<ul>\n<li class=\"brz-tp-lg-paragraph brz-css-am7ew\" data-generated-css=\"brz-css-zTTJl\" data-uniq-id=\"egCsB\"><strong style=\"color: rgb(0, 0, 0);\">Problemas de Salud<\/strong><span style=\"color: rgb(0, 0, 0);\">: Si surge un issue gen\u00e9tico o cong\u00e9nito dentro de la Garant\u00eda de 2 A\u00f1os, preferimos cubrir tratamientos veterinarios en lugar de devoluci\u00f3n, pero si optas por devolver, lo manejamos con prioridad y sin costes extra para ti.<\/span><\/li>\n<\/ul>\n<p data-generated-css=\"brz-css-ylsTW\" data-uniq-id=\"lo5Mv\" class=\"brz-tp-lg-paragraph brz-css-fk9Bb\"><\/p>\n<ul>\n<li class=\"brz-tp-lg-paragraph brz-css-gm0R9\" data-generated-css=\"brz-css-ccrLS\" data-uniq-id=\"q3Vtu\"><strong style=\"color: rgb(0, 0, 0);\">Env\u00edos Internacionales o Islas<\/strong><span style=\"color: rgb(0, 0, 0);\">: Para Baleares o Canarias, aplican plazos extendidos (hasta 21 d\u00edas) debido a log\u00edstica, pero siempre con seguridad total.<\/span><\/li>\n<\/ul>\n<p data-generated-css=\"brz-css-dvjo2\" data-uniq-id=\"zEA58\" class=\"brz-tp-lg-paragraph brz-css-fo3jL\"><\/p>\n<ul>\n<li class=\"brz-tp-lg-paragraph brz-css-eodOl\" data-generated-css=\"brz-css-rKPui\" data-uniq-id=\"cmbnY\"><strong style=\"color: rgb(0, 0, 0);\">Dep\u00f3sitos y Costes<\/strong><span style=\"color: rgb(0, 0, 0);\">: El dep\u00f3sito inicial (generalmente 20-30% del precio) es no reembolsable si la devoluci\u00f3n es por razones no cubiertas por garant\u00eda, pero lo usamos para cubrir reubicaci\u00f3n \u00e9tica del cachorro.<\/span><\/li>\n<\/ul>\n<p data-generated-css=\"brz-css-fY7IA\" data-uniq-id=\"qLQF0\" class=\"brz-tp-lg-paragraph brz-css-zYbRc\"><\/p>\n<p data-generated-css=\"brz-css-cGRPV\" data-uniq-id=\"kg0KF\" class=\"brz-text-lg-center brz-fss-lg-px brz-fw-lg-700 brz-ls-lg-m_1_5 brz-lh-lg-1_4 brz-vfw-lg-400 brz-fwdth-lg-100 brz-fsft-lg-0 brz-tp-lg-empty brz-ff-comfortaa brz-ft-google brz-fs-lg-33 brz-css-qRV2i\"><span style=\"color: rgba(var(--brz-global-color4),1);\" class=\"brz-cp-color4\">Nuestro Compromiso Contigo: M\u00e1s que una Pol\u00edtica<\/span><\/p>\n<h3 data-generated-css=\"brz-css-zN20e\" data-uniq-id=\"o5AYt\" class=\"brz-tp-lg-heading3 brz-text-lg-center brz-css-bXKHG\"><span style=\"color: rgb(0, 0, 0);\"> <\/span><\/h3>\n<p data-generated-css=\"brz-css-dowwK\" data-uniq-id=\"iQDPg\" class=\"brz-tp-lg-empty brz-ff-comfortaa brz-ft-google brz-fs-lg-18 brz-fss-lg-px brz-fw-lg-400 brz-ls-lg-0 brz-lh-lg-1_9 brz-vfw-lg-400 brz-fwdth-lg-100 brz-fsft-lg-0 brz-css-cWkZq\"><span style=\"color: rgb(0, 0, 0);\">En Huellas Mascotas, no vemos las devoluciones como fracasos, sino como oportunidades para asegurar el match perfecto. Nos preocupamos por educarte desde el inicio con consultas gratuitas sobre razas y compatibilidad, para reducir estos casos. Adem\u00e1s, ofrecemos soporte de por vida: l\u00ednea de emergencias 24\/7, recursos educativos y orientaci\u00f3n continua. Tu seguridad financiera y emocional es clave \u2013 todos los procesos est\u00e1n respaldados por contratos legales claros y nuestra reputaci\u00f3n impecable.<\/span><\/p>\n<p data-generated-css=\"brz-css-yaX8Q\" data-uniq-id=\"aBKod\" class=\"brz-tp-lg-empty brz-ff-comfortaa brz-ft-google brz-fs-lg-18 brz-fss-lg-px brz-fw-lg-400 brz-ls-lg-0 brz-lh-lg-1_9 brz-vfw-lg-400 brz-fwdth-lg-100 brz-fsft-lg-0 brz-css-aebZK\"><span style=\"color: rgb(0, 0, 0);\">Si tienes dudas o necesitas hablar sobre una posible devoluci\u00f3n, no dudes en contactarnos. Estamos aqu\u00ed para apoyarte con calidez y profesionalismo, porque sabemos que estas decisiones no son f\u00e1ciles. Cont\u00e1ctanos por WhatsApp o email a info@huellasmascotas.com para una charla personalizada. \u00a1Juntos encontraremos la mejor soluci\u00f3n para ti y tu familia!<\/span><\/p>\n<\/div>\n<\/div>\n<\/div>\n<\/div>\n<\/div>\n<\/section><\/div>\n<p><!-- version:1772289840 --><\/p>","protected":false},"excerpt":{"rendered":"<p>Pol\u00edtica de Devoluciones en Huellas Mascotas En Huellas Mascotas, entendemos que adoptar un cachorro es una decisi\u00f3n profundamente personal y emocional \u2013 un compromiso que trae alegr\u00eda, pero tambi\u00e9n puede venir con desaf\u00edos inesperados. Como uno de los criaderos m\u00e1s grandes y reputados de Espa\u00f1a, con m\u00e1s de 10 a\u00f1os de experiencia en cr\u00eda \u00e9tica [&hellip;]<\/p>\n","protected":false},"author":1,"featured_media":0,"parent":0,"menu_order":0,"comment_status":"closed","ping_status":"closed","template":"brizy-blank-template.php","meta":{"site-sidebar-layout":"default","site-content-layout":"","ast-site-content-layout":"default","site-content-style":"default","site-sidebar-style":"default","ast-global-header-display":"","ast-banner-title-visibility":"","ast-main-header-display":"","ast-hfb-above-header-display":"","ast-hfb-below-header-display":"","ast-hfb-mobile-header-display":"","site-post-title":"","ast-breadcrumbs-content":"","ast-featured-img":"","footer-sml-layout":"","theme-transparent-header-meta":"","adv-header-id-meta":"","stick-header-meta":"","header-above-stick-meta":"","header-main-stick-meta":"","header-below-stick-meta":"","astra-migrate-meta-layouts":"set","ast-page-background-enabled":"default","ast-page-background-meta":{"desktop":{"background-color":"var(--ast-global-color-4)","background-image":"","background-repeat":"repeat","background-position":"center center","background-size":"auto","background-attachment":"scroll","background-type":"","background-media":"","overlay-type":"","overlay-color":"","overlay-gradient":""},"tablet":{"background-color":"","background-image":"","background-repeat":"repeat","background-position":"center center","background-size":"auto","background-attachment":"scroll","background-type":"","background-media":"","overlay-type":"","overlay-color":"","overlay-gradient":""},"mobile":{"background-color":"","background-image":"","background-repeat":"repeat","background-position":"center center","background-size":"auto","background-attachment":"scroll","background-type":"","background-media":"","overlay-type":"","overlay-color":"","overlay-gradient":""}},"ast-content-background-meta":{"desktop":{"background-color":"var(--ast-global-color-5)","background-image":"","background-repeat":"repeat","background-position":"center center","background-size":"auto","background-attachment":"scroll","background-type":"","background-media":"","overlay-type":"","overlay-color":"","overlay-gradient":""},"tablet":{"background-color":"var(--ast-global-color-5)","background-image":"","background-repeat":"repeat","background-position":"center center","background-size":"auto","background-attachment":"scroll","background-type":"","background-media":"","overlay-type":"","overlay-color":"","overlay-gradient":""},"mobile":{"background-color":"var(--ast-global-color-5)","background-image":"","background-repeat":"repeat","background-position":"center center","background-size":"auto","background-attachment":"scroll","background-type":"","background-media":"","overlay-type":"","overlay-color":"","overlay-gradient":""}},"footnotes":""},"class_list":["post-10","page","type-page","status-publish","hentry"],"_hostinger_reach_plugin_has_subscription_block":false,"_hostinger_reach_plugin_is_elementor":false,"brizy_media":[],"_links":{"self":[{"href":"https:\/\/cuccioliimperoitaliano.com\/it_IT\/wp-json\/wp\/v2\/pages\/10","targetHints":{"allow":["GET"]}}],"collection":[{"href":"https:\/\/cuccioliimperoitaliano.com\/it_IT\/wp-json\/wp\/v2\/pages"}],"about":[{"href":"https:\/\/cuccioliimperoitaliano.com\/it_IT\/wp-json\/wp\/v2\/types\/page"}],"author":[{"embeddable":true,"href":"https:\/\/cuccioliimperoitaliano.com\/it_IT\/wp-json\/wp\/v2\/users\/1"}],"replies":[{"embeddable":true,"href":"https:\/\/cuccioliimperoitaliano.com\/it_IT\/wp-json\/wp\/v2\/comments?post=10"}],"version-history":[{"count":7,"href":"https:\/\/cuccioliimperoitaliano.com\/it_IT\/wp-json\/wp\/v2\/pages\/10\/revisions"}],"predecessor-version":[{"id":3456,"href":"https:\/\/cuccioliimperoitaliano.com\/it_IT\/wp-json\/wp\/v2\/pages\/10\/revisions\/3456"}],"wp:attachment":[{"href":"https:\/\/cuccioliimperoitaliano.com\/it_IT\/wp-json\/wp\/v2\/media?parent=10"}],"curies":[{"name":"wp","href":"https:\/\/api.w.org\/{rel}","templated":true}]}}